{"id":11871,"date":"2022-11-02T18:20:22","date_gmt":"2022-11-02T16:20:22","guid":{"rendered":"https:\/\/www.pronepal.org\/datenschutz\/"},"modified":"2022-11-03T18:07:49","modified_gmt":"2022-11-03T16:07:49","slug":"privacy-policy","status":"publish","type":"page","link":"https:\/\/www.pronepal.org\/it\/privacy-policy\/","title":{"rendered":"Privacy Policy"},"content":{"rendered":"\n<style type=\"text\/css\" data-created_by=\"avia_inline_auto\" id=\"style-css-av-l9zudjys-22fac9381ef384cb1e8ad24c8f94c3c7\">\n#top .av-special-heading.av-l9zudjys-22fac9381ef384cb1e8ad24c8f94c3c7{\npadding-bottom:10px;\n}\nbody .av-special-heading.av-l9zudjys-22fac9381ef384cb1e8ad24c8f94c3c7 .av-special-heading-tag .heading-char{\nfont-size:25px;\n}\n.av-special-heading.av-l9zudjys-22fac9381ef384cb1e8ad24c8f94c3c7 .av-subheading{\nfont-size:15px;\n}\n<\/style>\n<div  class='av-special-heading av-l9zudjys-22fac9381ef384cb1e8ad24c8f94c3c7 av-special-heading-h2 blockquote modern-quote  avia-builder-el-0  el_before_av_textblock  avia-builder-el-first '><h2 class='av-special-heading-tag '  itemprop=\"headline\"  >Privacy Policy<\/h2><div class=\"special-heading-border\"><div class=\"special-heading-inner-border\"><\/div><\/div><\/div>\n<section  class='av_textblock_section av-l9zuhhnd-35ab631da29393a5bb8f8f69edc9612d '   itemscope=\"itemscope\" itemtype=\"https:\/\/schema.org\/CreativeWork\" ><div class='avia_textblock'  itemprop=\"text\" ><div class=\"av-special-heading av-l77mcjtg-fae6de56d7cd521c101a669fe0c57585 av-special-heading-h3 avia-builder-el-1 el_before_av_textblock avia-builder-el-first \">\n<p>Ai sensi dell\u2019art. 13 del Regolamento (UE) 2016\/679 relativo alla protezione delle persone fisiche con riguardo al trattamento dei dati personali e della raccomandazione n. 2\/2001 relativa ai requisiti minimi per la raccolta di dati on-line nell\u2019UE<\/p>\n<p>1. Titolare del trattamento<br \/>\nTitolare del trattamento \u00e8<\/p>\n<p>Associazione ProNepal<br \/>\nPresidente: Riccardo Ruffini<br \/>\n39012 Merano (BZ) \u2013 Corso Libert\u00e0 132<br \/>\nCod. Fisc.: 91039430219<br \/>\nTel. +39 0473 230475<br \/>\nFax +39 0473 211944<br \/>\nE-Mail:\u00a0<a href=\"mailto:info@pronepal.org\">info@pronepal.org<\/a><\/p>\n<p>Responsabile della Protezione dei Dati Personali o Data Protection Officer (DPO)<br \/>\nI dati di contatto del Responsabile della protezione dei dati (DPO \u2013 Data Protection Officer) sono i seguenti:<br \/>\nRiccardo Ruffini<br \/>\nTel. +39 0473 230475<br \/>\nE-Mail: <a href=\"mailto:info@pronepal.org\">info@pronepal.org<\/a><\/p>\n<p>La presente informativa privacy intende fornire informazioni circa il trattamento, le finalit\u00e0, le modalit\u00e0 e, in generale, la gestione dei dati raccolti tramite il sito web www.pronepal.org (di seguito, per brevit\u00e0, il Sito Web). La presente informativa privacy riguarda unicamente il presente Sito Web, escludendo quindi ulteriori pagine visitabili tramite collegamento (link).<\/p>\n<p>2. Finalit\u00e0 del trattamento e base giuridica<br \/>\nIl Titolare del trattamento garantisce nell\u2019ambito delle previsioni normative che il trattamento dei dati personali tramite il Sito Web si svolge nel rispetto dei diritti e delle libert\u00e0 fondamentali, nonch\u00e9 della dignit\u00e0 dell\u2019interessato\/a, con particolare riferimento alla riservatezza, all\u2019identit\u00e0 personale e al diritto alla protezione dei dati personali.<br \/>\nNel rispetto delle condizioni di liceit\u00e0 previste all\u2019art. 6 del GDPR 2016\/679, i dati personali da Lei forniti attraverso il Sito Web potranno essere trattati esclusivamente per le seguenti finalit\u00e0:<br \/>\na) Iscrizione Newsletter<br \/>\nL\u2019interessato ha prestato il proprio consenso esplicito al trattamento di tali dati personali per una o pi\u00f9 finalit\u00e0 specifiche [\u2026] \u2013 art. 6, comma 1, lett. a) del GDPR 2016\/67).<\/p>\n<p>3. Tipologia di dati trattati<br \/>\nPer le finalit\u00e0 sopra citate possono essere oggetto di trattamento principalmente:<br \/>\na. dati personali di natura comune (es. nome, cognome, numero di telefono e indirizzo di posta elettronica);<\/p>\n<p>4. Modalit\u00e0 di trattamento<br \/>\nIl trattamento sar\u00e0 effettuato:<br \/>\na. dal solo personale autorizzato per lo svolgimento delle attivit\u00e0 di trattamento;<br \/>\nb. mediante l\u2019utilizzo di sistemi manuali e elettronici;<br \/>\nc. da soggetti autorizzati all\u2019assolvimento di tali compiti ai sensi di legge;<br \/>\nd. con l\u2019impiego di misure organizzative e tecniche adeguate a garantire la riservatezza dei dati ed evitare l\u2019accesso agli stessi da parte di terzi non autorizzati.<br \/>\nI Suoi dati non saranno inseriti in processi decisionali automatizzati.<\/p>\n<p>5. Periodo di conservazione dei dati personali<br \/>\nI dati da Lei forniti saranno conservati per il periodo strettamente necessario al perseguimento delle finalit\u00e0 ovvero fino alla revoca del consenso prestato.<\/p>\n<p>6. Diffusione e comunicazione dei dati personali<br \/>\nI Suoi dati personali non saranno diffusi. Tuttavia gli stessi potranno essere comunicati a terzi:<br \/>\na. alle Pubbliche Amministrazioni e Autorit\u00e0, ove previsto dalla legge;<br \/>\nb. fornitori di servizi e soggetti terzi in rapporto contrattuale con il Titolare nominati quali \u201cResponsabili del trattamento\u201d ex art. 28 del GDPR e tenuti al rispetto degli obblighi in materia di protezione dei dati, in virt\u00f9 di un apposito atto stipulato con il Titolare;<br \/>\nc. soggetti giuridici legittimati ad accedere ai dati in forza di disposizioni di legge, normative e regolamentari<\/p>\n<p>7. Diritti degli interessati<br \/>\nLei ha diritto di richiedere al Titolare del trattamento i diritti di cui agli artt. 15 e ss. del GDPR 2016\/679:<br \/>\nL\u2019accesso ai Suoi dati ed informazioni;<\/p>\n<ul>\n<li>la rettifica e la cancellazione (\u201cdiritto all\u2019oblio\u201d) dei dati;<\/li>\n<li>la limitazione del trattamento e la possibilit\u00e0 di opporsi al trattamento;<\/li>\n<li>la portabilit\u00e0 dei dati;<\/li>\n<li>la revoca al consenso del trattamento.<\/li>\n<\/ul>\n<p>Qualora ritenga che i suoi diritti sono stati violati, Lei ha la facolt\u00e0 e il diritto di esporre reclamo all\u2019Autorit\u00e0 GPDP per la tutela dei dati personali:\u00a0\u00a0<a href=\"https:\/\/www.garanteprivacy.it\" target=\"_blank\" rel=\"noopener\">www.garanteprivacy.it<\/a><\/p>\n<\/div>\n<section class=\"av_textblock_section av-l77brurn-2bdc34df9bcc3df865f35d466bef3743\">\n<div class=\"avia_textblock\"><\/div>\n<\/section>\n<\/div><\/section>\n","protected":false},"excerpt":{"rendered":"","protected":false},"author":1505,"featured_media":6546,"parent":0,"menu_order":0,"comment_status":"closed","ping_status":"closed","template":"","meta":{"footnotes":""},"class_list":["post-11871","page","type-page","status-publish","has-post-thumbnail","hentry"],"yoast_head":"<!-- This site is optimized with the Yoast SEO plugin v27.3 - https:\/\/yoast.com\/product\/yoast-seo-wordpress\/ -->\n<title>Privacy Policy - ProNepal Alto Adige aiuta Nepal<\/title>\n<meta name=\"description\" content=\"Privacy Policy ProNepal Alto Adige\" \/>\n<meta name=\"robots\" content=\"index, follow, max-snippet:-1, max-image-preview:large, max-video-preview:-1\" \/>\n<link rel=\"canonical\" href=\"https:\/\/www.pronepal.org\/it\/privacy-policy\/\" \/>\n<meta property=\"og:locale\" content=\"it_IT\" \/>\n<meta property=\"og:type\" content=\"article\" \/>\n<meta property=\"og:title\" content=\"Privacy Policy - ProNepal Alto Adige aiuta Nepal\" \/>\n<meta property=\"og:description\" content=\"Privacy Policy ProNepal Alto Adige\" \/>\n<meta property=\"og:url\" content=\"https:\/\/www.pronepal.org\/it\/privacy-policy\/\" \/>\n<meta property=\"og:site_name\" content=\"ProNepal Alto Adige aiuta Nepal\" \/>\n<meta property=\"article:publisher\" content=\"https:\/\/www.facebook.com\/pronepal-106272526088964\/\" \/>\n<meta property=\"article:modified_time\" content=\"2022-11-03T16:07:49+00:00\" \/>\n<meta property=\"og:image\" content=\"https:\/\/www.pronepal.org\/wp-content\/uploads\/2017\/12\/pronepal_logo-impressum.png\" \/>\n\t<meta property=\"og:image:width\" content=\"1030\" \/>\n\t<meta property=\"og:image:height\" content=\"686\" \/>\n\t<meta property=\"og:image:type\" content=\"image\/png\" \/>\n<meta name=\"twitter:card\" content=\"summary_large_image\" \/>\n<meta name=\"twitter:site\" content=\"@Pro_Nepal\" \/>\n<meta name=\"twitter:label1\" content=\"Est. reading time\" \/>\n\t<meta name=\"twitter:data1\" content=\"4 minutes\" \/>\n<script type=\"application\/ld+json\" class=\"yoast-schema-graph\">{\"@context\":\"https:\\\/\\\/schema.org\",\"@graph\":[{\"@type\":\"WebPage\",\"@id\":\"https:\\\/\\\/www.pronepal.org\\\/it\\\/privacy-policy\\\/\",\"url\":\"https:\\\/\\\/www.pronepal.org\\\/it\\\/privacy-policy\\\/\",\"name\":\"Privacy Policy - ProNepal Alto Adige aiuta Nepal\",\"isPartOf\":{\"@id\":\"https:\\\/\\\/www.pronepal.org\\\/it\\\/#website\"},\"primaryImageOfPage\":{\"@id\":\"https:\\\/\\\/www.pronepal.org\\\/it\\\/privacy-policy\\\/#primaryimage\"},\"image\":{\"@id\":\"https:\\\/\\\/www.pronepal.org\\\/it\\\/privacy-policy\\\/#primaryimage\"},\"thumbnailUrl\":\"https:\\\/\\\/www.pronepal.org\\\/wp-content\\\/uploads\\\/2017\\\/12\\\/pronepal_logo-impressum.png\",\"datePublished\":\"2022-11-02T16:20:22+00:00\",\"dateModified\":\"2022-11-03T16:07:49+00:00\",\"description\":\"Privacy Policy ProNepal Alto Adige\",\"breadcrumb\":{\"@id\":\"https:\\\/\\\/www.pronepal.org\\\/it\\\/privacy-policy\\\/#breadcrumb\"},\"inLanguage\":\"it-IT\",\"potentialAction\":[{\"@type\":\"ReadAction\",\"target\":[\"https:\\\/\\\/www.pronepal.org\\\/it\\\/privacy-policy\\\/\"]}]},{\"@type\":\"ImageObject\",\"inLanguage\":\"it-IT\",\"@id\":\"https:\\\/\\\/www.pronepal.org\\\/it\\\/privacy-policy\\\/#primaryimage\",\"url\":\"https:\\\/\\\/www.pronepal.org\\\/wp-content\\\/uploads\\\/2017\\\/12\\\/pronepal_logo-impressum.png\",\"contentUrl\":\"https:\\\/\\\/www.pronepal.org\\\/wp-content\\\/uploads\\\/2017\\\/12\\\/pronepal_logo-impressum.png\",\"width\":1030,\"height\":686,\"caption\":\"Pronepal Alto Adige Aiutare Nepal Amministrazione trasparente Cookie Policy Privacy Policy\"},{\"@type\":\"BreadcrumbList\",\"@id\":\"https:\\\/\\\/www.pronepal.org\\\/it\\\/privacy-policy\\\/#breadcrumb\",\"itemListElement\":[{\"@type\":\"ListItem\",\"position\":1,\"name\":\"Startseite\",\"item\":\"https:\\\/\\\/www.pronepal.org\\\/it\\\/pronepal-alto-adige-aiutare-nepal\\\/\"},{\"@type\":\"ListItem\",\"position\":2,\"name\":\"Privacy Policy\"}]},{\"@type\":\"WebSite\",\"@id\":\"https:\\\/\\\/www.pronepal.org\\\/it\\\/#website\",\"url\":\"https:\\\/\\\/www.pronepal.org\\\/it\\\/\",\"name\":\"ProNepal Alto Adige aiuta Nepal\",\"description\":\"Aiuto per Nepal - Societ\u00e0 senza scopi di lucro - Sostegno di diversi progetti in Nepal\",\"potentialAction\":[{\"@type\":\"SearchAction\",\"target\":{\"@type\":\"EntryPoint\",\"urlTemplate\":\"https:\\\/\\\/www.pronepal.org\\\/it\\\/?s={search_term_string}\"},\"query-input\":{\"@type\":\"PropertyValueSpecification\",\"valueRequired\":true,\"valueName\":\"search_term_string\"}}],\"inLanguage\":\"it-IT\"}]}<\/script>\n<!-- \/ Yoast SEO plugin. -->","yoast_head_json":{"title":"Privacy Policy - ProNepal Alto Adige aiuta Nepal","description":"Privacy Policy ProNepal Alto Adige","robots":{"index":"index","follow":"follow","max-snippet":"max-snippet:-1","max-image-preview":"max-image-preview:large","max-video-preview":"max-video-preview:-1"},"canonical":"https:\/\/www.pronepal.org\/it\/privacy-policy\/","og_locale":"it_IT","og_type":"article","og_title":"Privacy Policy - ProNepal Alto Adige aiuta Nepal","og_description":"Privacy Policy ProNepal Alto Adige","og_url":"https:\/\/www.pronepal.org\/it\/privacy-policy\/","og_site_name":"ProNepal Alto Adige aiuta Nepal","article_publisher":"https:\/\/www.facebook.com\/pronepal-106272526088964\/","article_modified_time":"2022-11-03T16:07:49+00:00","og_image":[{"width":1030,"height":686,"url":"https:\/\/www.pronepal.org\/wp-content\/uploads\/2017\/12\/pronepal_logo-impressum.png","type":"image\/png"}],"twitter_card":"summary_large_image","twitter_site":"@Pro_Nepal","twitter_misc":{"Est. reading time":"4 minutes"},"schema":{"@context":"https:\/\/schema.org","@graph":[{"@type":"WebPage","@id":"https:\/\/www.pronepal.org\/it\/privacy-policy\/","url":"https:\/\/www.pronepal.org\/it\/privacy-policy\/","name":"Privacy Policy - ProNepal Alto Adige aiuta Nepal","isPartOf":{"@id":"https:\/\/www.pronepal.org\/it\/#website"},"primaryImageOfPage":{"@id":"https:\/\/www.pronepal.org\/it\/privacy-policy\/#primaryimage"},"image":{"@id":"https:\/\/www.pronepal.org\/it\/privacy-policy\/#primaryimage"},"thumbnailUrl":"https:\/\/www.pronepal.org\/wp-content\/uploads\/2017\/12\/pronepal_logo-impressum.png","datePublished":"2022-11-02T16:20:22+00:00","dateModified":"2022-11-03T16:07:49+00:00","description":"Privacy Policy ProNepal Alto Adige","breadcrumb":{"@id":"https:\/\/www.pronepal.org\/it\/privacy-policy\/#breadcrumb"},"inLanguage":"it-IT","potentialAction":[{"@type":"ReadAction","target":["https:\/\/www.pronepal.org\/it\/privacy-policy\/"]}]},{"@type":"ImageObject","inLanguage":"it-IT","@id":"https:\/\/www.pronepal.org\/it\/privacy-policy\/#primaryimage","url":"https:\/\/www.pronepal.org\/wp-content\/uploads\/2017\/12\/pronepal_logo-impressum.png","contentUrl":"https:\/\/www.pronepal.org\/wp-content\/uploads\/2017\/12\/pronepal_logo-impressum.png","width":1030,"height":686,"caption":"Pronepal Alto Adige Aiutare Nepal Amministrazione trasparente Cookie Policy Privacy Policy"},{"@type":"BreadcrumbList","@id":"https:\/\/www.pronepal.org\/it\/privacy-policy\/#breadcrumb","itemListElement":[{"@type":"ListItem","position":1,"name":"Startseite","item":"https:\/\/www.pronepal.org\/it\/pronepal-alto-adige-aiutare-nepal\/"},{"@type":"ListItem","position":2,"name":"Privacy Policy"}]},{"@type":"WebSite","@id":"https:\/\/www.pronepal.org\/it\/#website","url":"https:\/\/www.pronepal.org\/it\/","name":"ProNepal Alto Adige aiuta Nepal","description":"Aiuto per Nepal - Societ\u00e0 senza scopi di lucro - Sostegno di diversi progetti in Nepal","potentialAction":[{"@type":"SearchAction","target":{"@type":"EntryPoint","urlTemplate":"https:\/\/www.pronepal.org\/it\/?s={search_term_string}"},"query-input":{"@type":"PropertyValueSpecification","valueRequired":true,"valueName":"search_term_string"}}],"inLanguage":"it-IT"}]}},"_links":{"self":[{"href":"https:\/\/www.pronepal.org\/it\/wp-json\/wp\/v2\/pages\/11871","targetHints":{"allow":["GET"]}}],"collection":[{"href":"https:\/\/www.pronepal.org\/it\/wp-json\/wp\/v2\/pages"}],"about":[{"href":"https:\/\/www.pronepal.org\/it\/wp-json\/wp\/v2\/types\/page"}],"author":[{"embeddable":true,"href":"https:\/\/www.pronepal.org\/it\/wp-json\/wp\/v2\/users\/1505"}],"replies":[{"embeddable":true,"href":"https:\/\/www.pronepal.org\/it\/wp-json\/wp\/v2\/comments?post=11871"}],"version-history":[{"count":0,"href":"https:\/\/www.pronepal.org\/it\/wp-json\/wp\/v2\/pages\/11871\/revisions"}],"wp:featuredmedia":[{"embeddable":true,"href":"https:\/\/www.pronepal.org\/it\/wp-json\/wp\/v2\/media\/6546"}],"wp:attachment":[{"href":"https:\/\/www.pronepal.org\/it\/wp-json\/wp\/v2\/media?parent=11871"}],"curies":[{"name":"wp","href":"https:\/\/api.w.org\/{rel}","templated":true}]}}